{"id":910,"date":"2025-08-12T17:17:03","date_gmt":"2025-08-12T15:17:03","guid":{"rendered":"https:\/\/shopingdamour.fr\/?post_type=product&#038;p=910"},"modified":"2025-08-15T15:07:12","modified_gmt":"2025-08-15T13:07:12","slug":"velo-homme-wegoboard-liberty-a-assistance-electrique-haut-de-gamme","status":"publish","type":"product","link":"https:\/\/shopingdamour.fr\/index.php\/product\/velo-homme-wegoboard-liberty-a-assistance-electrique-haut-de-gamme\/","title":{"rendered":"Velo homme \u00ab\u00a0WEGOBOARD Liberty\u00a0\u00bb, \u00e0 assistance \u00e9l\u00e9ctrique haut de gamme"},"content":{"rendered":"<p>Velo \u00e0 assistance \u00e9lectrique de marque \u00ab\u00a0WEGOBOARD\u00a0\u00bb neuf, 65 cm entre selle et guidon, hauteur du cadre 80 cm,atutonomie 40 km, vitesse 25 kmh, puissance 250 w, poids 22 kg, gris m\u00e9talis\u00e9.<\/p>\n","protected":false},"excerpt":{"rendered":"<p>Velo homme \u00ab\u00a0WEGOBOARD Liberty\u00a0\u00bb, \u00e0 assistance \u00e9l\u00e9ctrique haut de gamme NEUF<\/p>\n","protected":false},"featured_media":914,"comment_status":"open","ping_status":"closed","template":"","meta":[],"product_brand":[],"product_cat":[15],"product_tag":[],"class_list":{"0":"post-910","1":"product","2":"type-product","3":"status-publish","4":"has-post-thumbnail","6":"product_cat-uncategorized","8":"first","9":"instock","10":"sale","11":"taxable","12":"shipping-taxable","13":"purchasable","14":"product-type-simple"},"_links":{"self":[{"href":"https:\/\/shopingdamour.fr\/index.php\/wp-json\/wp\/v2\/product\/910","targetHints":{"allow":["GET"]}}],"collection":[{"href":"https:\/\/shopingdamour.fr\/index.php\/wp-json\/wp\/v2\/product"}],"about":[{"href":"https:\/\/shopingdamour.fr\/index.php\/wp-json\/wp\/v2\/types\/product"}],"replies":[{"embeddable":true,"href":"https:\/\/shopingdamour.fr\/index.php\/wp-json\/wp\/v2\/comments?post=910"}],"wp:featuredmedia":[{"embeddable":true,"href":"https:\/\/shopingdamour.fr\/index.php\/wp-json\/wp\/v2\/media\/914"}],"wp:attachment":[{"href":"https:\/\/shopingdamour.fr\/index.php\/wp-json\/wp\/v2\/media?parent=910"}],"wp:term":[{"taxonomy":"product_brand","embeddable":true,"href":"https:\/\/shopingdamour.fr\/index.php\/wp-json\/wp\/v2\/product_brand?post=910"},{"taxonomy":"product_cat","embeddable":true,"href":"https:\/\/shopingdamour.fr\/index.php\/wp-json\/wp\/v2\/product_cat?post=910"},{"taxonomy":"product_tag","embeddable":true,"href":"https:\/\/shopingdamour.fr\/index.php\/wp-json\/wp\/v2\/product_tag?post=910"}],"curies":[{"name":"wp","href":"https:\/\/api.w.org\/{rel}","templated":true}]}}