{"id":648,"date":"2024-12-23T02:59:51","date_gmt":"2024-12-23T01:59:51","guid":{"rendered":"https:\/\/shopingdamour.fr\/?post_type=product&#038;p=648"},"modified":"2025-05-08T15:22:19","modified_gmt":"2025-05-08T13:22:19","slug":"sac-a-bandouliere-rouge-a-motif-crocodile","status":"publish","type":"product","link":"https:\/\/shopingdamour.fr\/index.php\/product\/sac-a-bandouliere-rouge-a-motif-crocodile\/","title":{"rendered":"sac \u00e0 bandouli\u00e8re rouge \u00e0 motif crocodile"},"content":{"rendered":"<p>Superbe sac \u00e0 bandouli\u00e8re rouge \u00e0 motif crocodile. Ce sac est fabriqu\u00e9 \u00e0 partir de mat\u00e9riaux de haute qualit\u00e9 pour offrir \u00e0 la fois durabilit\u00e9 et \u00e9l\u00e9gance. La bandouli\u00e8re r\u00e9glable offre des options de transport<\/p>\n","protected":false},"excerpt":{"rendered":"<p>Superbe sac \u00e0 bandouli\u00e8re rouge \u00e0 motif crocodile. Ce sac est fabriqu\u00e9 \u00e0 partir de mat\u00e9riaux de haute qualit\u00e9 pour offrir \u00e0 la fois durabilit\u00e9 et \u00e9l\u00e9gance. La bandouli\u00e8re r\u00e9glable offre des options de transport<\/p>\n","protected":false},"featured_media":704,"comment_status":"open","ping_status":"closed","template":"","meta":[],"product_brand":[],"product_cat":[29,32],"product_tag":[],"class_list":{"0":"post-648","1":"product","2":"type-product","3":"status-publish","4":"has-post-thumbnail","6":"product_cat-sacs","7":"product_cat-sacabandouliere","9":"first","10":"instock","11":"taxable","12":"shipping-taxable","13":"purchasable","14":"product-type-simple"},"_links":{"self":[{"href":"https:\/\/shopingdamour.fr\/index.php\/wp-json\/wp\/v2\/product\/648","targetHints":{"allow":["GET"]}}],"collection":[{"href":"https:\/\/shopingdamour.fr\/index.php\/wp-json\/wp\/v2\/product"}],"about":[{"href":"https:\/\/shopingdamour.fr\/index.php\/wp-json\/wp\/v2\/types\/product"}],"replies":[{"embeddable":true,"href":"https:\/\/shopingdamour.fr\/index.php\/wp-json\/wp\/v2\/comments?post=648"}],"wp:featuredmedia":[{"embeddable":true,"href":"https:\/\/shopingdamour.fr\/index.php\/wp-json\/wp\/v2\/media\/704"}],"wp:attachment":[{"href":"https:\/\/shopingdamour.fr\/index.php\/wp-json\/wp\/v2\/media?parent=648"}],"wp:term":[{"taxonomy":"product_brand","embeddable":true,"href":"https:\/\/shopingdamour.fr\/index.php\/wp-json\/wp\/v2\/product_brand?post=648"},{"taxonomy":"product_cat","embeddable":true,"href":"https:\/\/shopingdamour.fr\/index.php\/wp-json\/wp\/v2\/product_cat?post=648"},{"taxonomy":"product_tag","embeddable":true,"href":"https:\/\/shopingdamour.fr\/index.php\/wp-json\/wp\/v2\/product_tag?post=648"}],"curies":[{"name":"wp","href":"https:\/\/api.w.org\/{rel}","templated":true}]}}