{"id":647,"date":"2024-12-23T02:59:06","date_gmt":"2024-12-23T01:59:06","guid":{"rendered":"https:\/\/shopingdamour.fr\/?post_type=product&#038;p=647"},"modified":"2025-05-08T15:22:31","modified_gmt":"2025-05-08T13:22:31","slug":"sac-a-bandouliere-rose","status":"publish","type":"product","link":"https:\/\/shopingdamour.fr\/index.php\/product\/sac-a-bandouliere-rose\/","title":{"rendered":"Sac \u00e0 bandouli\u00e8re rose"},"content":{"rendered":"<p>Joli sac \u00e0 bandouli\u00e8re rose en cuir PU et m\u00e9tal.<\/p>\n<p><span class=\"\" data-verified=\"redactor\" data-redactor-tag=\"span\" data-redactor-class=\"BxUVEf ILfuVd\">\u00c0<\/span>\u00a0l&rsquo;avant se trouve une large boucle o\u00f9 l&rsquo;on glisse le rabat du sac pour le fermer. Pour plus de s\u00e9curit\u00e9, un bouton suppl\u00e9mentaire avec aimant a \u00e9t\u00e9 ajout\u00e9 pour renforcer la fermeture.<\/p>\n","protected":false},"excerpt":{"rendered":"<p>Joli sac \u00e0 bandouli\u00e8re rose en cuir PU et m\u00e9tal. \u00c0\u00a0l&rsquo;avant se trouve une large boucle o\u00f9 l&rsquo;on glisse le rabat du sac pour le fermer. Pour plus de s\u00e9curit\u00e9, un bouton suppl\u00e9mentaire avec aimant a \u00e9t\u00e9 ajout\u00e9 pour renforcer la fermeture.<\/p>\n","protected":false},"featured_media":700,"comment_status":"open","ping_status":"closed","template":"","meta":[],"product_brand":[],"product_cat":[29,32],"product_tag":[],"class_list":{"0":"post-647","1":"product","2":"type-product","3":"status-publish","4":"has-post-thumbnail","6":"product_cat-sacs","7":"product_cat-sacabandouliere","9":"first","10":"instock","11":"taxable","12":"shipping-taxable","13":"purchasable","14":"product-type-simple"},"_links":{"self":[{"href":"https:\/\/shopingdamour.fr\/index.php\/wp-json\/wp\/v2\/product\/647","targetHints":{"allow":["GET"]}}],"collection":[{"href":"https:\/\/shopingdamour.fr\/index.php\/wp-json\/wp\/v2\/product"}],"about":[{"href":"https:\/\/shopingdamour.fr\/index.php\/wp-json\/wp\/v2\/types\/product"}],"replies":[{"embeddable":true,"href":"https:\/\/shopingdamour.fr\/index.php\/wp-json\/wp\/v2\/comments?post=647"}],"wp:featuredmedia":[{"embeddable":true,"href":"https:\/\/shopingdamour.fr\/index.php\/wp-json\/wp\/v2\/media\/700"}],"wp:attachment":[{"href":"https:\/\/shopingdamour.fr\/index.php\/wp-json\/wp\/v2\/media?parent=647"}],"wp:term":[{"taxonomy":"product_brand","embeddable":true,"href":"https:\/\/shopingdamour.fr\/index.php\/wp-json\/wp\/v2\/product_brand?post=647"},{"taxonomy":"product_cat","embeddable":true,"href":"https:\/\/shopingdamour.fr\/index.php\/wp-json\/wp\/v2\/product_cat?post=647"},{"taxonomy":"product_tag","embeddable":true,"href":"https:\/\/shopingdamour.fr\/index.php\/wp-json\/wp\/v2\/product_tag?post=647"}],"curies":[{"name":"wp","href":"https:\/\/api.w.org\/{rel}","templated":true}]}}