{"id":646,"date":"2024-12-23T02:58:30","date_gmt":"2024-12-23T01:58:30","guid":{"rendered":"https:\/\/shopingdamour.fr\/?post_type=product&#038;p=646"},"modified":"2025-05-08T15:24:13","modified_gmt":"2025-05-08T13:24:13","slug":"sac-a-bandouliere-vert","status":"publish","type":"product","link":"https:\/\/shopingdamour.fr\/index.php\/product\/sac-a-bandouliere-vert\/","title":{"rendered":"Sac \u00e0 bandouli\u00e8re vert canard"},"content":{"rendered":"<p>Ce sac \u00e0 \u00e9paule \u00e9l\u00e9gant se distingue par son coloris vert canard et son design raffin\u00e9.<\/p>\n<p>Confectionn\u00e9 dans un mat\u00e9riau textur\u00e9 effet cuir, il allie style et durabilit\u00e9.<\/p>\n<p>Sa fermeture \u00e0 rabat magn\u00e9tiques, lui conf\u00e8re une allure luxueuse, tandis que sa bandouli\u00e8re r\u00e9glable assure un confort optimal au quotidien.<\/p>\n<p>Un accessoire parfait pour apporter une touche de glamour \u00e0 toutes vos tenues !<\/p>\n","protected":false},"excerpt":{"rendered":"<p>Ce sac \u00e0 \u00e9paule \u00e9l\u00e9gant se distingue par son coloris vert canard et son design raffin\u00e9.<\/p>\n<p>Confectionn\u00e9 dans un mat\u00e9riau textur\u00e9 effet cuir, il allie style et durabilit\u00e9.<\/p>\n<p>Sa fermeture \u00e0 rabat lui conf\u00e8re une allure luxueuse, tandis que sa bandouli\u00e8re r\u00e9glable assure un confort optimal au quotidien.<\/p>\n<p>Un accessoire parfait pour apporter une touche de glamour \u00e0 toutes vos tenues !<\/p>\n","protected":false},"featured_media":697,"comment_status":"open","ping_status":"closed","template":"","meta":[],"product_brand":[],"product_cat":[29,32],"product_tag":[],"class_list":{"0":"post-646","1":"product","2":"type-product","3":"status-publish","4":"has-post-thumbnail","6":"product_cat-sacs","7":"product_cat-sacabandouliere","9":"first","10":"instock","11":"taxable","12":"shipping-taxable","13":"purchasable","14":"product-type-simple"},"_links":{"self":[{"href":"https:\/\/shopingdamour.fr\/index.php\/wp-json\/wp\/v2\/product\/646","targetHints":{"allow":["GET"]}}],"collection":[{"href":"https:\/\/shopingdamour.fr\/index.php\/wp-json\/wp\/v2\/product"}],"about":[{"href":"https:\/\/shopingdamour.fr\/index.php\/wp-json\/wp\/v2\/types\/product"}],"replies":[{"embeddable":true,"href":"https:\/\/shopingdamour.fr\/index.php\/wp-json\/wp\/v2\/comments?post=646"}],"wp:featuredmedia":[{"embeddable":true,"href":"https:\/\/shopingdamour.fr\/index.php\/wp-json\/wp\/v2\/media\/697"}],"wp:attachment":[{"href":"https:\/\/shopingdamour.fr\/index.php\/wp-json\/wp\/v2\/media?parent=646"}],"wp:term":[{"taxonomy":"product_brand","embeddable":true,"href":"https:\/\/shopingdamour.fr\/index.php\/wp-json\/wp\/v2\/product_brand?post=646"},{"taxonomy":"product_cat","embeddable":true,"href":"https:\/\/shopingdamour.fr\/index.php\/wp-json\/wp\/v2\/product_cat?post=646"},{"taxonomy":"product_tag","embeddable":true,"href":"https:\/\/shopingdamour.fr\/index.php\/wp-json\/wp\/v2\/product_tag?post=646"}],"curies":[{"name":"wp","href":"https:\/\/api.w.org\/{rel}","templated":true}]}}