{"id":645,"date":"2024-12-23T02:57:32","date_gmt":"2024-12-23T01:57:32","guid":{"rendered":"https:\/\/shopingdamour.fr\/?post_type=product&#038;p=645"},"modified":"2025-05-08T15:24:46","modified_gmt":"2025-05-08T13:24:46","slug":"chaine-en-metal-dore-et-perles","status":"publish","type":"product","link":"https:\/\/shopingdamour.fr\/index.php\/product\/chaine-en-metal-dore-et-perles\/","title":{"rendered":"cha\u00eene en m\u00e9tal dor\u00e9 et perles"},"content":{"rendered":"<p>S\u00e9curisez votre smartphone en bandouli\u00e8re avec notre cha\u00eene en m\u00e9tal dor\u00e9 et perles. B\u00e9n\u00e9ficiant d_un design \u00e9l\u00e9gant qui compl\u00e8te n_importe quelle tenue, cette pi\u00e8ce ajoute une touche de sophistication, que vous<\/p>\n","protected":false},"excerpt":{"rendered":"<p>S\u00e9curisez votre smartphone en bandouli\u00e8re avec notre cha\u00eene en m\u00e9tal dor\u00e9 et perles. B\u00e9n\u00e9ficiant d_un design \u00e9l\u00e9gant qui compl\u00e8te n_importe quelle tenue, cette pi\u00e8ce ajoute une touche de sophistication, que vous<\/p>\n","protected":false},"featured_media":632,"comment_status":"open","ping_status":"closed","template":"","meta":[],"product_brand":[],"product_cat":[30,35],"product_tag":[],"class_list":{"0":"post-645","1":"product","2":"type-product","3":"status-publish","4":"has-post-thumbnail","6":"product_cat-accessoires-mob","7":"product_cat-cordon-mobile","9":"first","10":"instock","11":"taxable","12":"shipping-taxable","13":"purchasable","14":"product-type-simple"},"_links":{"self":[{"href":"https:\/\/shopingdamour.fr\/index.php\/wp-json\/wp\/v2\/product\/645","targetHints":{"allow":["GET"]}}],"collection":[{"href":"https:\/\/shopingdamour.fr\/index.php\/wp-json\/wp\/v2\/product"}],"about":[{"href":"https:\/\/shopingdamour.fr\/index.php\/wp-json\/wp\/v2\/types\/product"}],"replies":[{"embeddable":true,"href":"https:\/\/shopingdamour.fr\/index.php\/wp-json\/wp\/v2\/comments?post=645"}],"wp:featuredmedia":[{"embeddable":true,"href":"https:\/\/shopingdamour.fr\/index.php\/wp-json\/wp\/v2\/media\/632"}],"wp:attachment":[{"href":"https:\/\/shopingdamour.fr\/index.php\/wp-json\/wp\/v2\/media?parent=645"}],"wp:term":[{"taxonomy":"product_brand","embeddable":true,"href":"https:\/\/shopingdamour.fr\/index.php\/wp-json\/wp\/v2\/product_brand?post=645"},{"taxonomy":"product_cat","embeddable":true,"href":"https:\/\/shopingdamour.fr\/index.php\/wp-json\/wp\/v2\/product_cat?post=645"},{"taxonomy":"product_tag","embeddable":true,"href":"https:\/\/shopingdamour.fr\/index.php\/wp-json\/wp\/v2\/product_tag?post=645"}],"curies":[{"name":"wp","href":"https:\/\/api.w.org\/{rel}","templated":true}]}}