{"id":639,"date":"2024-12-23T02:54:13","date_gmt":"2024-12-23T01:54:13","guid":{"rendered":"https:\/\/shopingdamour.fr\/?post_type=product&#038;p=639"},"modified":"2025-08-14T13:51:13","modified_gmt":"2025-08-14T11:51:13","slug":"bracelet-en-acier-plaque-or","status":"publish","type":"product","link":"https:\/\/shopingdamour.fr\/index.php\/product\/bracelet-en-acier-plaque-or\/","title":{"rendered":"bracelet en acier plaque or"},"content":{"rendered":"<p>Magnifique bracelet en acier plaque or, une pi\u00e8ce exceptionnelle qui sublimera vos tenues gr\u00e2ce \u00e0 son \u00e9l\u00e9gance intemporelle. Ce bijou d\u00e9licat et raffin\u00e9 est l&rsquo;accessoire id\u00e9al.<\/p>\n","protected":false},"excerpt":{"rendered":"<p>Magnifique bracelet en acier plaque or, une pi\u00e8ce exceptionnelle qui sublimera vos tenues gr\u00e2ce \u00e0 son \u00e9l\u00e9gance intemporelle. Ce bijou d\u00e9licat et raffin\u00e9 est l&rsquo;accessoire id\u00e9al.<\/p>\n","protected":false},"featured_media":708,"comment_status":"open","ping_status":"closed","template":"","meta":[],"product_brand":[],"product_cat":[37,39],"product_tag":[],"class_list":{"0":"post-639","1":"product","2":"type-product","3":"status-publish","4":"has-post-thumbnail","6":"product_cat-bijoux","7":"product_cat-bracelet","9":"first","10":"instock","11":"taxable","12":"shipping-taxable","13":"purchasable","14":"product-type-simple"},"_links":{"self":[{"href":"https:\/\/shopingdamour.fr\/index.php\/wp-json\/wp\/v2\/product\/639","targetHints":{"allow":["GET"]}}],"collection":[{"href":"https:\/\/shopingdamour.fr\/index.php\/wp-json\/wp\/v2\/product"}],"about":[{"href":"https:\/\/shopingdamour.fr\/index.php\/wp-json\/wp\/v2\/types\/product"}],"replies":[{"embeddable":true,"href":"https:\/\/shopingdamour.fr\/index.php\/wp-json\/wp\/v2\/comments?post=639"}],"wp:featuredmedia":[{"embeddable":true,"href":"https:\/\/shopingdamour.fr\/index.php\/wp-json\/wp\/v2\/media\/708"}],"wp:attachment":[{"href":"https:\/\/shopingdamour.fr\/index.php\/wp-json\/wp\/v2\/media?parent=639"}],"wp:term":[{"taxonomy":"product_brand","embeddable":true,"href":"https:\/\/shopingdamour.fr\/index.php\/wp-json\/wp\/v2\/product_brand?post=639"},{"taxonomy":"product_cat","embeddable":true,"href":"https:\/\/shopingdamour.fr\/index.php\/wp-json\/wp\/v2\/product_cat?post=639"},{"taxonomy":"product_tag","embeddable":true,"href":"https:\/\/shopingdamour.fr\/index.php\/wp-json\/wp\/v2\/product_tag?post=639"}],"curies":[{"name":"wp","href":"https:\/\/api.w.org\/{rel}","templated":true}]}}