{"id":624,"date":"2024-12-23T02:53:42","date_gmt":"2024-12-23T01:53:42","guid":{"rendered":"https:\/\/shopingdamour.fr\/?post_type=product&#038;p=624"},"modified":"2025-05-08T15:14:21","modified_gmt":"2025-05-08T13:14:21","slug":"bracelet-torsade-en-acier-plaque-or","status":"publish","type":"product","link":"https:\/\/shopingdamour.fr\/index.php\/product\/bracelet-torsade-en-acier-plaque-or\/","title":{"rendered":"Bracelet torsad\u00e9 en acier plaqu\u00e9 or"},"content":{"rendered":"<p>D\u00e9couvrez l_\u00e9l\u00e9gance intemporelle avec notre somptueux bracelet torsad\u00e9 en acier plaqu\u00e9 or. Con\u00e7u m\u00e9ticuleusement pour allier durabilit\u00e9 et sophistication, il est le compl\u00e9ment parfait \u00e0 toute garde-robe chic. D<\/p>\n","protected":false},"excerpt":{"rendered":"<p>D\u00e9couvrez l_\u00e9l\u00e9gance intemporelle avec notre somptueux bracelet torsad\u00e9 en acier plaqu\u00e9 or. Con\u00e7u m\u00e9ticuleusement pour allier durabilit\u00e9 et sophistication, il est le compl\u00e9ment parfait \u00e0 toute garde-robe chic. D<\/p>\n","protected":false},"featured_media":706,"comment_status":"open","ping_status":"closed","template":"","meta":[],"product_brand":[],"product_cat":[37,39],"product_tag":[],"class_list":{"0":"post-624","1":"product","2":"type-product","3":"status-publish","4":"has-post-thumbnail","6":"product_cat-bijoux","7":"product_cat-bracelet","9":"first","10":"instock","11":"taxable","12":"shipping-taxable","13":"purchasable","14":"product-type-simple"},"_links":{"self":[{"href":"https:\/\/shopingdamour.fr\/index.php\/wp-json\/wp\/v2\/product\/624","targetHints":{"allow":["GET"]}}],"collection":[{"href":"https:\/\/shopingdamour.fr\/index.php\/wp-json\/wp\/v2\/product"}],"about":[{"href":"https:\/\/shopingdamour.fr\/index.php\/wp-json\/wp\/v2\/types\/product"}],"replies":[{"embeddable":true,"href":"https:\/\/shopingdamour.fr\/index.php\/wp-json\/wp\/v2\/comments?post=624"}],"wp:featuredmedia":[{"embeddable":true,"href":"https:\/\/shopingdamour.fr\/index.php\/wp-json\/wp\/v2\/media\/706"}],"wp:attachment":[{"href":"https:\/\/shopingdamour.fr\/index.php\/wp-json\/wp\/v2\/media?parent=624"}],"wp:term":[{"taxonomy":"product_brand","embeddable":true,"href":"https:\/\/shopingdamour.fr\/index.php\/wp-json\/wp\/v2\/product_brand?post=624"},{"taxonomy":"product_cat","embeddable":true,"href":"https:\/\/shopingdamour.fr\/index.php\/wp-json\/wp\/v2\/product_cat?post=624"},{"taxonomy":"product_tag","embeddable":true,"href":"https:\/\/shopingdamour.fr\/index.php\/wp-json\/wp\/v2\/product_tag?post=624"}],"curies":[{"name":"wp","href":"https:\/\/api.w.org\/{rel}","templated":true}]}}